{"id":69,"date":"2026-02-12T14:04:50","date_gmt":"2026-02-12T14:04:50","guid":{"rendered":"https:\/\/sokol-tomaszow.pl\/?page_id=69"},"modified":"2026-02-12T14:07:46","modified_gmt":"2026-02-12T14:07:46","slug":"nowa-ksiazka-ewidencji-polowan","status":"publish","type":"page","link":"https:\/\/sokol-tomaszow.pl\/","title":{"rendered":"Nowa ksi\u0105\u017cka ewidencji polowa\u0144"},"content":{"rendered":"\n<p><a href=\"https:\/\/auth.systemkl2.pzlow.pl\/login\">https:\/\/auth.systemkl2.pzlow.pl\/login<\/a><\/p>\n\n\n\n<p><a href=\"https:\/\/play.google.com\/store\/apps\/details?id=com.smallgis.pzl\">https:\/\/play.google.com\/store\/apps\/details?id=com.smallgis.pzl<\/a><\/p>\n\n\n\n<p><a href=\"https:\/\/apps.apple.com\/pl\/app\/system-k%C3%B3%C5%82-%C5%82owieckich-pz%C5%82-2-0\/id6758509746\" target=\"_blank\" rel=\"noreferrer noopener\">\u200eSystem K\u00f3\u0142 \u0141owieckich PZ\u0141 2.0 App &#8211; App Store<\/a><\/p>\n\n\n\n<p><\/p>\n","protected":false},"excerpt":{"rendered":"<p>https:\/\/auth.systemkl2.pzlow.pl\/login https:\/\/play.google.com\/store\/apps\/details?id=com.smallgis.pzl \u200eSystem K\u00f3\u0142 \u0141owieckich PZ\u0141 2.0 App &#8211; App Store<\/p>\n","protected":false},"author":1,"featured_media":0,"parent":0,"menu_order":0,"comment_status":"closed","ping_status":"closed","template":"","meta":{"footnotes":""},"class_list":["post-69","page","type-page","status-publish","hentry"],"_links":{"self":[{"href":"https:\/\/sokol-tomaszow.pl\/index.php?rest_route=\/wp\/v2\/pages\/69","targetHints":{"allow":["GET"]}}],"collection":[{"href":"https:\/\/sokol-tomaszow.pl\/index.php?rest_route=\/wp\/v2\/pages"}],"about":[{"href":"https:\/\/sokol-tomaszow.pl\/index.php?rest_route=\/wp\/v2\/types\/page"}],"author":[{"embeddable":true,"href":"https:\/\/sokol-tomaszow.pl\/index.php?rest_route=\/wp\/v2\/users\/1"}],"replies":[{"embeddable":true,"href":"https:\/\/sokol-tomaszow.pl\/index.php?rest_route=%2Fwp%2Fv2%2Fcomments&post=69"}],"version-history":[{"count":3,"href":"https:\/\/sokol-tomaszow.pl\/index.php?rest_route=\/wp\/v2\/pages\/69\/revisions"}],"predecessor-version":[{"id":73,"href":"https:\/\/sokol-tomaszow.pl\/index.php?rest_route=\/wp\/v2\/pages\/69\/revisions\/73"}],"wp:attachment":[{"href":"https:\/\/sokol-tomaszow.pl\/index.php?rest_route=%2Fwp%2Fv2%2Fmedia&parent=69"}],"curies":[{"name":"wp","href":"https:\/\/api.w.org\/{rel}","templated":true}]}}